{"id":102,"date":"2025-11-05T09:47:47","date_gmt":"2025-11-05T12:47:47","guid":{"rendered":"https:\/\/saraccure.farmgo.com.br\/?page_id=102"},"modified":"2025-11-05T10:52:53","modified_gmt":"2025-11-05T13:52:53","slug":"home","status":"publish","type":"page","link":"https:\/\/saraccure.farmgo.com.br\/","title":{"rendered":"home"},"content":{"rendered":"\t\t<div data-elementor-type=\"wp-page\" data-elementor-id=\"102\" class=\"elementor elementor-102\" data-elementor-settings=\"{&quot;element_pack_global_tooltip_width&quot;:{&quot;unit&quot;:&quot;px&quot;,&quot;size&quot;:&quot;&quot;,&quot;sizes&quot;:[]},&quot;element_pack_global_tooltip_width_tablet&quot;:{&quot;unit&quot;:&quot;px&quot;,&quot;size&quot;:&quot;&quot;,&quot;sizes&quot;:[]},&quot;element_pack_global_tooltip_width_mobile&quot;:{&quot;unit&quot;:&quot;px&quot;,&quot;size&quot;:&quot;&quot;,&quot;sizes&quot;:[]},&quot;element_pack_global_tooltip_padding&quot;:{&quot;unit&quot;:&quot;px&quot;,&quot;top&quot;:&quot;&quot;,&quot;right&quot;:&quot;&quot;,&quot;bottom&quot;:&quot;&quot;,&quot;left&quot;:&quot;&quot;,&quot;isLinked&quot;:true},&quot;element_pack_global_tooltip_padding_tablet&quot;:{&quot;unit&quot;:&quot;px&quot;,&quot;top&quot;:&quot;&quot;,&quot;right&quot;:&quot;&quot;,&quot;bottom&quot;:&quot;&quot;,&quot;left&quot;:&quot;&quot;,&quot;isLinked&quot;:true},&quot;element_pack_global_tooltip_padding_mobile&quot;:{&quot;unit&quot;:&quot;px&quot;,&quot;top&quot;:&quot;&quot;,&quot;right&quot;:&quot;&quot;,&quot;bottom&quot;:&quot;&quot;,&quot;left&quot;:&quot;&quot;,&quot;isLinked&quot;:true},&quot;element_pack_global_tooltip_border_radius&quot;:{&quot;unit&quot;:&quot;px&quot;,&quot;top&quot;:&quot;&quot;,&quot;right&quot;:&quot;&quot;,&quot;bottom&quot;:&quot;&quot;,&quot;left&quot;:&quot;&quot;,&quot;isLinked&quot;:true},&quot;element_pack_global_tooltip_border_radius_tablet&quot;:{&quot;unit&quot;:&quot;px&quot;,&quot;top&quot;:&quot;&quot;,&quot;right&quot;:&quot;&quot;,&quot;bottom&quot;:&quot;&quot;,&quot;left&quot;:&quot;&quot;,&quot;isLinked&quot;:true},&quot;element_pack_global_tooltip_border_radius_mobile&quot;:{&quot;unit&quot;:&quot;px&quot;,&quot;top&quot;:&quot;&quot;,&quot;right&quot;:&quot;&quot;,&quot;bottom&quot;:&quot;&quot;,&quot;left&quot;:&quot;&quot;,&quot;isLinked&quot;:true}}\" data-elementor-post-type=\"page\">\n\t\t\t\t<div class=\"elementor-element elementor-element-372f225f e-con-full e-flex e-con e-parent\" data-id=\"372f225f\" data-element_type=\"container\" data-settings=\"{&quot;background_background&quot;:&quot;classic&quot;}\">\n\t\t<div class=\"elementor-element elementor-element-125bf4db e-con-full e-flex e-con e-child\" data-id=\"125bf4db\" data-element_type=\"container\">\n\t\t\t\t<div class=\"elementor-element elementor-element-7e3e57ae elementor-widget elementor-widget-heading\" data-id=\"7e3e57ae\" data-element_type=\"widget\" data-widget_type=\"heading.default\">\n\t\t\t\t\t<h2 class=\"elementor-heading-title elementor-size-default\">ACERTE EM SUAS PREVIS\u00d5ES!<\/h2>\t\t\t\t<\/div>\n\t\t\t\t<\/div>\n\t\t\t\t<\/div>\n\t\t<div class=\"elementor-element elementor-element-59eb692d e-flex e-con-boxed e-con e-parent\" data-id=\"59eb692d\" data-element_type=\"container\" data-settings=\"{&quot;background_background&quot;:&quot;classic&quot;}\">\n\t\t\t\t\t<div class=\"e-con-inner\">\n\t\t<div class=\"elementor-element elementor-element-181d6f64 e-con-full e-flex e-con e-child\" data-id=\"181d6f64\" data-element_type=\"container\" data-settings=\"{&quot;background_background&quot;:&quot;classic&quot;}\">\n\t\t\t\t<div class=\"elementor-element elementor-element-2eb97191 elementor-widget elementor-widget-heading\" data-id=\"2eb97191\" data-element_type=\"widget\" data-widget_type=\"heading.default\">\n\t\t\t\t\t<h2 class=\"elementor-heading-title elementor-size-default\">Precis\u00e3o Meteorol\u00f3gica Avan\u00e7ada<\/h2>\t\t\t\t<\/div>\n\t\t\t\t<div class=\"elementor-element elementor-element-762f90ed elementor-widget elementor-widget-text-editor\" data-id=\"762f90ed\" data-element_type=\"widget\" data-widget_type=\"text-editor.default\">\n\t\t\t\t\t\t\t\t\t<p>A\u00a0<strong>SARACCURE<\/strong>\u00a0utiliza tecnologia de ponta para fornecer dados meteorol\u00f3gicos\u00a0<strong>precisos<\/strong>\u00a0e\u00a0<strong>atualizados<\/strong>.<\/p><p>Com informa\u00e7\u00f5es sobre:<\/p><ul><li><p><strong>Temperatura;<\/strong><\/p><\/li><li><p><strong>Umidade;<\/strong><\/p><\/li><li><p><strong>velocidade do vento;<\/strong><\/p><\/li><li><p><strong>previs\u00f5es precisas de chuvas.<\/strong><\/p><\/li><\/ul><p>Planeje suas opera\u00e7\u00f5es com confian\u00e7a, minimizando riscos e aumentando a efici\u00eancia.<\/p>\t\t\t\t\t\t\t\t<\/div>\n\t\t\t\t<\/div>\n\t\t<div class=\"elementor-element elementor-element-46fc9921 e-con-full e-flex e-con e-child\" data-id=\"46fc9921\" data-element_type=\"container\" data-settings=\"{&quot;background_background&quot;:&quot;classic&quot;}\">\n\t\t\t\t<div class=\"elementor-element elementor-element-40f56e9 e-transform elementor-widget elementor-widget-image\" data-id=\"40f56e9\" data-element_type=\"widget\" data-settings=\"{&quot;_transform_scale_effect_hover&quot;:{&quot;unit&quot;:&quot;px&quot;,&quot;size&quot;:1.1,&quot;sizes&quot;:[]},&quot;_transform_scale_effect_hover_tablet&quot;:{&quot;unit&quot;:&quot;px&quot;,&quot;size&quot;:&quot;&quot;,&quot;sizes&quot;:[]},&quot;_transform_scale_effect_hover_mobile&quot;:{&quot;unit&quot;:&quot;px&quot;,&quot;size&quot;:&quot;&quot;,&quot;sizes&quot;:[]}}\" data-widget_type=\"image.default\">\n\t\t\t\t\t\t\t\t\t\t\t\t\t\t\t<img fetchpriority=\"high\" decoding=\"async\" width=\"640\" height=\"400\" src=\"https:\/\/saraccure.farmgo.com.br\/wp-content\/uploads\/2025\/11\/imagem_saraccure_teste-1-copy.webp\" class=\"attachment-full size-full wp-image-11\" alt=\"\" srcset=\"https:\/\/saraccure.farmgo.com.br\/wp-content\/uploads\/2025\/11\/imagem_saraccure_teste-1-copy.webp 640w, https:\/\/saraccure.farmgo.com.br\/wp-content\/uploads\/2025\/11\/imagem_saraccure_teste-1-copy-300x188.webp 300w\" sizes=\"(max-width: 640px) 100vw, 640px\" \/>\t\t\t\t\t\t\t\t\t\t\t\t\t\t\t<\/div>\n\t\t\t\t<\/div>\n\t\t\t\t\t<\/div>\n\t\t\t\t<\/div>\n\t\t<div class=\"elementor-element elementor-element-2ed13d15 e-flex e-con-boxed e-con e-parent\" data-id=\"2ed13d15\" data-element_type=\"container\" data-settings=\"{&quot;background_background&quot;:&quot;classic&quot;}\">\n\t\t\t\t\t<div class=\"e-con-inner\">\n\t\t<div class=\"elementor-element elementor-element-57eda612 e-con-full e-flex e-con e-child\" data-id=\"57eda612\" data-element_type=\"container\">\n\t\t\t\t<div class=\"elementor-element elementor-element-2a5eee20 e-transform elementor-widget elementor-widget-image\" data-id=\"2a5eee20\" data-element_type=\"widget\" data-settings=\"{&quot;_transform_scale_effect_hover&quot;:{&quot;unit&quot;:&quot;px&quot;,&quot;size&quot;:1.1,&quot;sizes&quot;:[]},&quot;_transform_scale_effect_hover_tablet&quot;:{&quot;unit&quot;:&quot;px&quot;,&quot;size&quot;:&quot;&quot;,&quot;sizes&quot;:[]},&quot;_transform_scale_effect_hover_mobile&quot;:{&quot;unit&quot;:&quot;px&quot;,&quot;size&quot;:&quot;&quot;,&quot;sizes&quot;:[]}}\" data-widget_type=\"image.default\">\n\t\t\t\t\t\t\t\t\t\t\t\t\t\t\t<img decoding=\"async\" width=\"640\" height=\"400\" src=\"https:\/\/saraccure.farmgo.com.br\/wp-content\/uploads\/2025\/11\/imagem_saraccure_teste-2-copy.webp\" class=\"attachment-full size-full wp-image-13\" alt=\"\" srcset=\"https:\/\/saraccure.farmgo.com.br\/wp-content\/uploads\/2025\/11\/imagem_saraccure_teste-2-copy.webp 640w, https:\/\/saraccure.farmgo.com.br\/wp-content\/uploads\/2025\/11\/imagem_saraccure_teste-2-copy-300x188.webp 300w\" sizes=\"(max-width: 640px) 100vw, 640px\" \/>\t\t\t\t\t\t\t\t\t\t\t\t\t\t\t<\/div>\n\t\t\t\t<\/div>\n\t\t<div class=\"elementor-element elementor-element-202b2695 e-con-full e-flex e-con e-child\" data-id=\"202b2695\" data-element_type=\"container\">\n\t\t\t\t<div class=\"elementor-element elementor-element-19660add elementor-widget elementor-widget-heading\" data-id=\"19660add\" data-element_type=\"widget\" data-widget_type=\"heading.default\">\n\t\t\t\t\t<h2 class=\"elementor-heading-title elementor-size-default\">Monitoramento em Tempo Real<\/h2>\t\t\t\t<\/div>\n\t\t\t\t<div class=\"elementor-element elementor-element-7b4b4991 elementor-widget elementor-widget-text-editor\" data-id=\"7b4b4991\" data-element_type=\"widget\" data-widget_type=\"text-editor.default\">\n\t\t\t\t\t\t\t\t\t<p>Tenha\u00a0<strong>acesso instant\u00e2neo<\/strong>\u00a0aos dados meteorol\u00f3gicos diretamente em seu dispositivo.<\/p><p><strong>Monitore<\/strong>\u00a0as condi\u00e7\u00f5es clim\u00e1ticas em\u00a0<strong>tempo real<\/strong>, permitindo ajustes imediatos nas pr\u00e1ticas agr\u00edcolas, garantindo que voc\u00ea esteja sempre um\u00a0<strong>passo \u00e0 frente<\/strong>.<\/p>\t\t\t\t\t\t\t\t<\/div>\n\t\t\t\t<\/div>\n\t\t\t\t\t<\/div>\n\t\t\t\t<\/div>\n\t\t<div class=\"elementor-element elementor-element-3d246824 e-flex e-con-boxed e-con e-parent\" data-id=\"3d246824\" data-element_type=\"container\" data-settings=\"{&quot;background_background&quot;:&quot;classic&quot;}\">\n\t\t\t\t\t<div class=\"e-con-inner\">\n\t\t<div class=\"elementor-element elementor-element-34346d09 e-con-full e-flex e-con e-child\" data-id=\"34346d09\" data-element_type=\"container\">\n\t\t\t\t<div class=\"elementor-element elementor-element-195ef099 elementor-widget elementor-widget-heading\" data-id=\"195ef099\" data-element_type=\"widget\" data-widget_type=\"heading.default\">\n\t\t\t\t\t<h2 class=\"elementor-heading-title elementor-size-default\">Compartilhamento f\u00e1cil das informa\u00e7\u00f5es <\/h2>\t\t\t\t<\/div>\n\t\t\t\t<div class=\"elementor-element elementor-element-269c3487 elementor-widget elementor-widget-text-editor\" data-id=\"269c3487\" data-element_type=\"widget\" data-widget_type=\"text-editor.default\">\n\t\t\t\t\t\t\t\t\t<p>Voc\u00ea pode compartilhar facilmente registros clim\u00e1ticos e as janelas de pulveriza\u00e7\u00e3o com todos os envolvidos, garantindo uma coordena\u00e7\u00e3o eficiente das opera\u00e7\u00f5es.<\/p>\t\t\t\t\t\t\t\t<\/div>\n\t\t\t\t<\/div>\n\t\t<div class=\"elementor-element elementor-element-13a088d4 e-con-full e-flex e-con e-child\" data-id=\"13a088d4\" data-element_type=\"container\">\n\t\t\t\t<div class=\"elementor-element elementor-element-44d496d2 e-transform elementor-widget elementor-widget-image\" data-id=\"44d496d2\" data-element_type=\"widget\" data-settings=\"{&quot;_transform_scale_effect_hover&quot;:{&quot;unit&quot;:&quot;px&quot;,&quot;size&quot;:1.1,&quot;sizes&quot;:[]},&quot;_transform_scale_effect_hover_tablet&quot;:{&quot;unit&quot;:&quot;px&quot;,&quot;size&quot;:&quot;&quot;,&quot;sizes&quot;:[]},&quot;_transform_scale_effect_hover_mobile&quot;:{&quot;unit&quot;:&quot;px&quot;,&quot;size&quot;:&quot;&quot;,&quot;sizes&quot;:[]}}\" data-widget_type=\"image.default\">\n\t\t\t\t\t\t\t\t\t\t\t\t\t\t\t<img decoding=\"async\" width=\"640\" height=\"400\" src=\"https:\/\/saraccure.farmgo.com.br\/wp-content\/uploads\/2025\/11\/imagem_saraccure_teste-3-copy.webp\" class=\"attachment-full size-full wp-image-14\" alt=\"\" srcset=\"https:\/\/saraccure.farmgo.com.br\/wp-content\/uploads\/2025\/11\/imagem_saraccure_teste-3-copy.webp 640w, https:\/\/saraccure.farmgo.com.br\/wp-content\/uploads\/2025\/11\/imagem_saraccure_teste-3-copy-300x188.webp 300w\" sizes=\"(max-width: 640px) 100vw, 640px\" \/>\t\t\t\t\t\t\t\t\t\t\t\t\t\t\t<\/div>\n\t\t\t\t<\/div>\n\t\t\t\t\t<\/div>\n\t\t\t\t<\/div>\n\t\t<div class=\"elementor-element elementor-element-63f47c13 e-con-full e-flex e-con e-parent\" data-id=\"63f47c13\" data-element_type=\"container\" data-settings=\"{&quot;background_background&quot;:&quot;classic&quot;}\">\n\t\t<div class=\"elementor-element elementor-element-43552d5f e-con-full e-flex e-con e-child\" data-id=\"43552d5f\" data-element_type=\"container\">\n\t\t\t\t<div class=\"elementor-element elementor-element-28369c1 elementor-widget__width-initial elementor-widget elementor-widget-heading\" data-id=\"28369c1\" data-element_type=\"widget\" data-widget_type=\"heading.default\">\n\t\t\t\t\t<h2 class=\"elementor-heading-title elementor-size-default\">Dados precisos das vari\u00e1veis clim\u00e1ticas mais importantes reunidas em um \u00fanico pacote<\/h2>\t\t\t\t<\/div>\n\t\t\t\t<div class=\"elementor-element elementor-element-534cb3b8 elementor-widget__width-initial elementor-widget-divider--view-line elementor-widget elementor-widget-divider\" data-id=\"534cb3b8\" data-element_type=\"widget\" data-widget_type=\"divider.default\">\n\t\t\t\t\t\t\t<div class=\"elementor-divider\">\n\t\t\t<span class=\"elementor-divider-separator\">\n\t\t\t\t\t\t<\/span>\n\t\t<\/div>\n\t\t\t\t\t\t<\/div>\n\t\t<div class=\"elementor-element elementor-element-43f7fac3 e-con-full e-flex e-con e-child\" data-id=\"43f7fac3\" data-element_type=\"container\">\n\t\t<div class=\"elementor-element elementor-element-b0391a0 e-con-full e-flex e-con e-child\" data-id=\"b0391a0\" data-element_type=\"container\">\n\t\t\t\t<div class=\"elementor-element elementor-element-6f3a8cb4 e-transform elementor-widget elementor-widget-image\" data-id=\"6f3a8cb4\" data-element_type=\"widget\" data-settings=\"{&quot;_transform_scale_effect&quot;:{&quot;unit&quot;:&quot;px&quot;,&quot;size&quot;:1.2,&quot;sizes&quot;:[]},&quot;_transform_scale_effect_tablet&quot;:{&quot;unit&quot;:&quot;px&quot;,&quot;size&quot;:&quot;&quot;,&quot;sizes&quot;:[]},&quot;_transform_scale_effect_mobile&quot;:{&quot;unit&quot;:&quot;px&quot;,&quot;size&quot;:&quot;&quot;,&quot;sizes&quot;:[]}}\" data-widget_type=\"image.default\">\n\t\t\t\t\t\t\t\t\t\t\t\t\t\t\t<img loading=\"lazy\" decoding=\"async\" width=\"58\" height=\"58\" src=\"https:\/\/saraccure.farmgo.com.br\/wp-content\/uploads\/2025\/11\/01-1.png\" class=\"attachment-full size-full wp-image-16\" alt=\"\" \/>\t\t\t\t\t\t\t\t\t\t\t\t\t\t\t<\/div>\n\t\t\t\t<div class=\"elementor-element elementor-element-176cd805 elementor-widget elementor-widget-text-editor\" data-id=\"176cd805\" data-element_type=\"widget\" data-widget_type=\"text-editor.default\">\n\t\t\t\t\t\t\t\t\t<div class=\"sow-features-feature sow-icon-container-position-top\"><div class=\"textwidget\"><p class=\"sow-features-feature-title\">Temperatura do ar<\/p><\/div><\/div>\t\t\t\t\t\t\t\t<\/div>\n\t\t\t\t<\/div>\n\t\t<div class=\"elementor-element elementor-element-4eb4c0b e-con-full e-flex e-con e-child\" data-id=\"4eb4c0b\" data-element_type=\"container\">\n\t\t\t\t<div class=\"elementor-element elementor-element-fd5eb7f e-transform elementor-widget elementor-widget-image\" data-id=\"fd5eb7f\" data-element_type=\"widget\" data-settings=\"{&quot;_transform_scale_effect&quot;:{&quot;unit&quot;:&quot;px&quot;,&quot;size&quot;:1.2,&quot;sizes&quot;:[]},&quot;_transform_scale_effect_tablet&quot;:{&quot;unit&quot;:&quot;px&quot;,&quot;size&quot;:&quot;&quot;,&quot;sizes&quot;:[]},&quot;_transform_scale_effect_mobile&quot;:{&quot;unit&quot;:&quot;px&quot;,&quot;size&quot;:&quot;&quot;,&quot;sizes&quot;:[]}}\" data-widget_type=\"image.default\">\n\t\t\t\t\t\t\t\t\t\t\t\t\t\t\t<img loading=\"lazy\" decoding=\"async\" width=\"58\" height=\"57\" src=\"https:\/\/saraccure.farmgo.com.br\/wp-content\/uploads\/2025\/11\/02.png\" class=\"attachment-full size-full wp-image-17\" alt=\"\" \/>\t\t\t\t\t\t\t\t\t\t\t\t\t\t\t<\/div>\n\t\t\t\t<div class=\"elementor-element elementor-element-58366137 elementor-widget elementor-widget-text-editor\" data-id=\"58366137\" data-element_type=\"widget\" data-widget_type=\"text-editor.default\">\n\t\t\t\t\t\t\t\t\t<div class=\"sow-features-feature sow-icon-container-position-top\"><div class=\"textwidget\"><p class=\"sow-features-feature-title\">Pluviometria<\/p><\/div><\/div>\t\t\t\t\t\t\t\t<\/div>\n\t\t\t\t<\/div>\n\t\t<div class=\"elementor-element elementor-element-98e7fe2 e-con-full e-flex e-con e-child\" data-id=\"98e7fe2\" data-element_type=\"container\">\n\t\t\t\t<div class=\"elementor-element elementor-element-f12a1c3 e-transform elementor-widget elementor-widget-image\" data-id=\"f12a1c3\" data-element_type=\"widget\" data-settings=\"{&quot;_transform_scale_effect&quot;:{&quot;unit&quot;:&quot;px&quot;,&quot;size&quot;:1.2,&quot;sizes&quot;:[]},&quot;_transform_scale_effect_tablet&quot;:{&quot;unit&quot;:&quot;px&quot;,&quot;size&quot;:&quot;&quot;,&quot;sizes&quot;:[]},&quot;_transform_scale_effect_mobile&quot;:{&quot;unit&quot;:&quot;px&quot;,&quot;size&quot;:&quot;&quot;,&quot;sizes&quot;:[]}}\" data-widget_type=\"image.default\">\n\t\t\t\t\t\t\t\t\t\t\t\t\t\t\t<img loading=\"lazy\" decoding=\"async\" width=\"57\" height=\"57\" src=\"https:\/\/saraccure.farmgo.com.br\/wp-content\/uploads\/2025\/11\/03.png\" class=\"attachment-full size-full wp-image-18\" alt=\"\" \/>\t\t\t\t\t\t\t\t\t\t\t\t\t\t\t<\/div>\n\t\t\t\t<div class=\"elementor-element elementor-element-4c8a8ac6 elementor-widget elementor-widget-text-editor\" data-id=\"4c8a8ac6\" data-element_type=\"widget\" data-widget_type=\"text-editor.default\">\n\t\t\t\t\t\t\t\t\t<div class=\"sow-features-feature sow-icon-container-position-top\"><div class=\"textwidget\"><div class=\"sow-features-feature sow-icon-container-position-top\"><div class=\"textwidget\"><p class=\"sow-features-feature-title\">Umidade do ar<\/p><\/div><\/div><\/div><\/div>\t\t\t\t\t\t\t\t<\/div>\n\t\t\t\t<\/div>\n\t\t\t\t<\/div>\n\t\t<div class=\"elementor-element elementor-element-1ee311a6 e-con-full e-flex e-con e-child\" data-id=\"1ee311a6\" data-element_type=\"container\">\n\t\t<div class=\"elementor-element elementor-element-28570a71 e-con-full e-flex e-con e-child\" data-id=\"28570a71\" data-element_type=\"container\">\n\t\t\t\t<div class=\"elementor-element elementor-element-b265497 e-transform elementor-widget elementor-widget-image\" data-id=\"b265497\" data-element_type=\"widget\" data-settings=\"{&quot;_transform_scale_effect&quot;:{&quot;unit&quot;:&quot;px&quot;,&quot;size&quot;:1.2,&quot;sizes&quot;:[]},&quot;_transform_scale_effect_tablet&quot;:{&quot;unit&quot;:&quot;px&quot;,&quot;size&quot;:&quot;&quot;,&quot;sizes&quot;:[]},&quot;_transform_scale_effect_mobile&quot;:{&quot;unit&quot;:&quot;px&quot;,&quot;size&quot;:&quot;&quot;,&quot;sizes&quot;:[]}}\" data-widget_type=\"image.default\">\n\t\t\t\t\t\t\t\t\t\t\t\t\t\t\t<img loading=\"lazy\" decoding=\"async\" width=\"58\" height=\"58\" src=\"https:\/\/saraccure.farmgo.com.br\/wp-content\/uploads\/2025\/11\/04.png\" class=\"attachment-full size-full wp-image-19\" alt=\"\" \/>\t\t\t\t\t\t\t\t\t\t\t\t\t\t\t<\/div>\n\t\t\t\t<div class=\"elementor-element elementor-element-6dba29b4 elementor-widget elementor-widget-text-editor\" data-id=\"6dba29b4\" data-element_type=\"widget\" data-widget_type=\"text-editor.default\">\n\t\t\t\t\t\t\t\t\t<div class=\"sow-features-feature sow-icon-container-position-top\"><div class=\"textwidget\"><div class=\"sow-features-feature sow-icon-container-position-top\"><div class=\"textwidget\"><p class=\"sow-features-feature-title\">Press\u00e3o Atmosf\u00e9rica<\/p><\/div><\/div><\/div><\/div>\t\t\t\t\t\t\t\t<\/div>\n\t\t\t\t<\/div>\n\t\t<div class=\"elementor-element elementor-element-45dc89c8 e-con-full e-flex e-con e-child\" data-id=\"45dc89c8\" data-element_type=\"container\">\n\t\t\t\t<div class=\"elementor-element elementor-element-44602f51 e-transform elementor-widget elementor-widget-image\" data-id=\"44602f51\" data-element_type=\"widget\" data-settings=\"{&quot;_transform_scale_effect&quot;:{&quot;unit&quot;:&quot;px&quot;,&quot;size&quot;:1.2,&quot;sizes&quot;:[]},&quot;_transform_scale_effect_tablet&quot;:{&quot;unit&quot;:&quot;px&quot;,&quot;size&quot;:&quot;&quot;,&quot;sizes&quot;:[]},&quot;_transform_scale_effect_mobile&quot;:{&quot;unit&quot;:&quot;px&quot;,&quot;size&quot;:&quot;&quot;,&quot;sizes&quot;:[]}}\" data-widget_type=\"image.default\">\n\t\t\t\t\t\t\t\t\t\t\t\t\t\t\t<img loading=\"lazy\" decoding=\"async\" width=\"57\" height=\"58\" src=\"https:\/\/saraccure.farmgo.com.br\/wp-content\/uploads\/2025\/11\/05.png\" class=\"attachment-full size-full wp-image-20\" alt=\"\" \/>\t\t\t\t\t\t\t\t\t\t\t\t\t\t\t<\/div>\n\t\t\t\t<div class=\"elementor-element elementor-element-41999fc6 elementor-widget elementor-widget-text-editor\" data-id=\"41999fc6\" data-element_type=\"widget\" data-widget_type=\"text-editor.default\">\n\t\t\t\t\t\t\t\t\t<div class=\"sow-features-feature sow-icon-container-position-top\"><div class=\"textwidget\"><div class=\"sow-features-feature sow-icon-container-position-top\"><div class=\"textwidget\"><p class=\"sow-features-feature-title\">Dire\u00e7\u00e3o e Velocidade do Vento<\/p><\/div><\/div><\/div><\/div>\t\t\t\t\t\t\t\t<\/div>\n\t\t\t\t<\/div>\n\t\t<div class=\"elementor-element elementor-element-322d8b29 e-con-full e-flex e-con e-child\" data-id=\"322d8b29\" data-element_type=\"container\">\n\t\t\t\t<div class=\"elementor-element elementor-element-164515d1 e-transform elementor-widget elementor-widget-image\" data-id=\"164515d1\" data-element_type=\"widget\" data-settings=\"{&quot;_transform_scale_effect&quot;:{&quot;unit&quot;:&quot;px&quot;,&quot;size&quot;:1.2,&quot;sizes&quot;:[]},&quot;_transform_scale_effect_tablet&quot;:{&quot;unit&quot;:&quot;px&quot;,&quot;size&quot;:&quot;&quot;,&quot;sizes&quot;:[]},&quot;_transform_scale_effect_mobile&quot;:{&quot;unit&quot;:&quot;px&quot;,&quot;size&quot;:&quot;&quot;,&quot;sizes&quot;:[]}}\" data-widget_type=\"image.default\">\n\t\t\t\t\t\t\t\t\t\t\t\t\t\t\t<img loading=\"lazy\" decoding=\"async\" width=\"58\" height=\"57\" src=\"https:\/\/saraccure.farmgo.com.br\/wp-content\/uploads\/2025\/11\/06.png\" class=\"attachment-full size-full wp-image-21\" alt=\"\" \/>\t\t\t\t\t\t\t\t\t\t\t\t\t\t\t<\/div>\n\t\t\t\t<div class=\"elementor-element elementor-element-42b05246 elementor-widget elementor-widget-text-editor\" data-id=\"42b05246\" data-element_type=\"widget\" data-widget_type=\"text-editor.default\">\n\t\t\t\t\t\t\t\t\t<div class=\"sow-features-feature sow-icon-container-position-top\"><div class=\"textwidget\"><div class=\"sow-features-feature sow-icon-container-position-top\"><div class=\"textwidget\"><div class=\"sow-features-feature sow-icon-container-position-top\"><div class=\"textwidget\"><p class=\"sow-features-feature-title\">Radia\u00e7\u00e3o Solar (UV)<\/p><\/div><\/div><\/div><\/div><\/div><\/div>\t\t\t\t\t\t\t\t<\/div>\n\t\t\t\t<\/div>\n\t\t\t\t<\/div>\n\t\t<div class=\"elementor-element elementor-element-4fd6915 e-con-full e-flex e-con e-child\" data-id=\"4fd6915\" data-element_type=\"container\">\n\t\t<div class=\"elementor-element elementor-element-1e94328a e-con-full e-flex e-con e-child\" data-id=\"1e94328a\" data-element_type=\"container\">\n\t\t\t\t<div class=\"elementor-element elementor-element-4ca1ea e-transform elementor-widget elementor-widget-image\" data-id=\"4ca1ea\" data-element_type=\"widget\" data-settings=\"{&quot;_transform_scale_effect&quot;:{&quot;unit&quot;:&quot;px&quot;,&quot;size&quot;:1.2,&quot;sizes&quot;:[]},&quot;_transform_scale_effect_tablet&quot;:{&quot;unit&quot;:&quot;px&quot;,&quot;size&quot;:&quot;&quot;,&quot;sizes&quot;:[]},&quot;_transform_scale_effect_mobile&quot;:{&quot;unit&quot;:&quot;px&quot;,&quot;size&quot;:&quot;&quot;,&quot;sizes&quot;:[]}}\" data-widget_type=\"image.default\">\n\t\t\t\t\t\t\t\t\t\t\t\t\t\t\t<img loading=\"lazy\" decoding=\"async\" width=\"58\" height=\"58\" src=\"https:\/\/saraccure.farmgo.com.br\/wp-content\/uploads\/2025\/11\/07.png\" class=\"attachment-full size-full wp-image-22\" alt=\"\" \/>\t\t\t\t\t\t\t\t\t\t\t\t\t\t\t<\/div>\n\t\t\t\t<div class=\"elementor-element elementor-element-5452bb48 elementor-widget elementor-widget-text-editor\" data-id=\"5452bb48\" data-element_type=\"widget\" data-widget_type=\"text-editor.default\">\n\t\t\t\t\t\t\t\t\t<div class=\"sow-features-feature sow-icon-container-position-top\"><div class=\"textwidget\"><div class=\"sow-features-feature sow-icon-container-position-top\"><div class=\"textwidget\"><p class=\"sow-features-feature-title\">Evapotranspira\u00e7\u00e3o<\/p><\/div><\/div><\/div><\/div>\t\t\t\t\t\t\t\t<\/div>\n\t\t\t\t<\/div>\n\t\t\t\t<\/div>\n\t\t\t\t<\/div>\n\t\t\t\t<\/div>\n\t\t\t\t<\/div>\n\t\t","protected":false},"excerpt":{"rendered":"<p>ACERTE EM SUAS PREVIS\u00d5ES! Precis\u00e3o Meteorol\u00f3gica Avan\u00e7ada A\u00a0SARACCURE\u00a0utiliza tecnologia de ponta para fornecer dados meteorol\u00f3gicos\u00a0precisos\u00a0e\u00a0atualizados. Com informa\u00e7\u00f5es sobre: Temperatura; Umidade; velocidade do vento; previs\u00f5es precisas de chuvas. Planeje suas opera\u00e7\u00f5es com confian\u00e7a, minimizando riscos e aumentando a efici\u00eancia. Monitoramento em Tempo Real Tenha\u00a0acesso instant\u00e2neo\u00a0aos dados meteorol\u00f3gicos diretamente em seu dispositivo. Monitore\u00a0as condi\u00e7\u00f5es clim\u00e1ticas em\u00a0tempo real, [&hellip;]<\/p>\n","protected":false},"author":1,"featured_media":0,"parent":0,"menu_order":0,"comment_status":"closed","ping_status":"closed","template":"elementor_header_footer","meta":{"_joinchat":[],"footnotes":""},"class_list":["post-102","page","type-page","status-publish","hentry"],"_links":{"self":[{"href":"https:\/\/saraccure.farmgo.com.br\/index.php?rest_route=\/wp\/v2\/pages\/102","targetHints":{"allow":["GET"]}}],"collection":[{"href":"https:\/\/saraccure.farmgo.com.br\/index.php?rest_route=\/wp\/v2\/pages"}],"about":[{"href":"https:\/\/saraccure.farmgo.com.br\/index.php?rest_route=\/wp\/v2\/types\/page"}],"author":[{"embeddable":true,"href":"https:\/\/saraccure.farmgo.com.br\/index.php?rest_route=\/wp\/v2\/users\/1"}],"replies":[{"embeddable":true,"href":"https:\/\/saraccure.farmgo.com.br\/index.php?rest_route=%2Fwp%2Fv2%2Fcomments&post=102"}],"version-history":[{"count":13,"href":"https:\/\/saraccure.farmgo.com.br\/index.php?rest_route=\/wp\/v2\/pages\/102\/revisions"}],"predecessor-version":[{"id":148,"href":"https:\/\/saraccure.farmgo.com.br\/index.php?rest_route=\/wp\/v2\/pages\/102\/revisions\/148"}],"wp:attachment":[{"href":"https:\/\/saraccure.farmgo.com.br\/index.php?rest_route=%2Fwp%2Fv2%2Fmedia&parent=102"}],"curies":[{"name":"wp","href":"https:\/\/api.w.org\/{rel}","templated":true}]}}